{"id":1993,"date":"2017-02-06T15:09:03","date_gmt":"2017-02-06T13:09:03","guid":{"rendered":"https:\/\/gisconnector.de\/?page_id=1993"},"modified":"2020-12-08T13:00:04","modified_gmt":"2020-12-08T11:00:04","slug":"data-privacy-statement","status":"publish","type":"page","link":"https:\/\/gisconnector.de\/en\/data-privacy-statement\/","title":{"rendered":"Data Privacy Statement"},"content":{"rendered":"<div class=\"panel-widget-style\">\n<div class=\"animated fadeIn\">\n<h4>Datenschutzerkl\u00e4rung<\/h4>\n<\/div>\n<div class=\"clearboth\">Die Betreiber dieser Seite nehmen den Schutz Ihrer pers\u00f6nlichen Daten sehr ernst. Wir behandeln Ihre personenbezogenen Daten vertraulich und entsprechend der gesetzlichen Datenschutzvorschriften sowie dieser Datenschutzerkl\u00e4rung.<\/div>\n<\/div>\n<div class=\"panel-widget-style\">\n<p>Die Nutzung unserer Webseite ist in der Regel ohne Angabe personenbezogener Daten m\u00f6glich. Soweit auf unseren Seiten personenbezogene Daten (beispielsweise Name, Anschrift oder E-Mail-Adressen) erhoben werden, erfolgt dies, soweit m\u00f6glich, stets auf freiwilliger Basis. Diese Daten werden ohne Ihre ausdr\u00fcckliche Zustimmung nicht an Dritte weitergegeben.<\/p>\n<p>Wir weisen darauf hin, dass die Daten\u00fcbertragung im Internet (z.B. bei der Kommunikation per E-Mail) Sicherheitsl\u00fccken aufweisen kann. Ein l\u00fcckenloser Schutz der Daten vor dem Zugriff durch Dritte ist nicht m\u00f6glich.<\/p>\n<\/div>\n<div class=\"panel-widget-style\">\n<h4>Cookies<\/h4>\n<p>Cookies werden verwendet, um das Webseitenangebot zu optimieren und Ihre Nutzererfahrung zu verbessern. Cookies sind kleine Textdateien, die von Ihrem Browser gespeichert werden, wenn Sie Webseiten und Anwendungen verwenden. Cookies werden beim ersten Besuch einer Webseite von Ihrem Browser heruntergeladen. Beim erneuten Aufruf dieser Webseite mit demselben Endger\u00e4t, wird das Cookie und die darin gespeicherten Informationen an die Webseite zur\u00fcckgesendet, die sie erzeugt hat. Dadurch erkennt die Webseite, dass Sie mit diesem Internetbrowser bereits aufgerufen wurde, und optimiert ggf. den f\u00fcr Sie angezeigten Inhalt. Sie k\u00f6nnen festlegen, wie Webseiten Cookies verwenden, indem Sie die Datenschutzeinstellungen in Ihrem Browser konfigurieren (weitere Informationen zu Cookie-Einstellungen finden Sie in der Hilfefunktion Ihres Browsers). Wenn Sie Cookies ganz deaktivieren, funktionieren Webseiten und Anwendungen der GI Geolabs GmbH unter Umst\u00e4nden nicht mehr richtig.<\/p>\n<h4>Google Analytics<\/h4>\n<p>Diese Webseite benutzt Google Analytics, einen Webanalysedienst der Google Inc. (&#8220;Google&#8221;). Google Analytics verwendet sog. &#8220;Cookies&#8221;, Textdateien, die auf Ihrem Computer gespeichert werden und die eine Analyse der Benutzung der Webseite durch Sie erm\u00f6glichen. Die durch das Cookie erzeugten Informationen \u00fcber Ihre Benutzung dieser Webseite werden in der Regel an einen Server von Google in den USA \u00fcbertragen und dort gespeichert. Im Falle der Aktivierung der IP-Anonymisierung auf dieser Webseite, wird Ihre IP-Adresse von Google jedoch innerhalb von Mitgliedstaaten der Europ\u00e4ischen Union oder in anderen Vertragsstaaten des Abkommens \u00fcber den Europ\u00e4ischen Wirtschaftsraum zuvor gek\u00fcrzt. Nur in Ausnahmef\u00e4llen wird die volle IP-Adresse an einen Server von Google in den USA \u00fcbertragen und dort gek\u00fcrzt. Im Auftrag des Betreibers dieser Webseite wird Google diese Informationen benutzen, um Ihre Nutzung der Webseite auszuwerten, um Reports \u00fcber die Webseitenaktivit\u00e4ten zusammenzustellen und um weitere mit der Webseitennutzung und der Internetnutzung verbundene Dienstleistungen gegen\u00fcber dem Webseitenbetreiber zu erbringen.<\/p>\n<p>Die im Rahmen von Google Analytics von Ihrem Browser \u00fcbermittelte IP-Adresse wird nicht mit anderen Daten von Google zusammengef\u00fchrt. Sie k\u00f6nnen die Speicherung der Cookies durch eine entsprechende Einstellung Ihrer Browser-Software verhindern; wir weisen Sie jedoch darauf hin, dass Sie in diesem Fall gegebenenfalls nicht s\u00e4mtliche Funktionen dieser Webseite vollumf\u00e4nglich nutzen k\u00f6nnen. Sie k\u00f6nnen dar\u00fcber hinaus die Erfassung der durch das Cookie erzeugten und auf Ihre Nutzung der Webseite bezogenen Daten (inkl. Ihrer IP-Adresse) an Google sowie die Verarbeitung dieser Daten durch Google verhindern, indem sie das unter dem folgenden Link verf\u00fcgbare Browser-Plugin herunterladen und installieren. Der aktuelle Link ist\u00a0<a href=\"https:\/\/tools.google.com\/dlpage\/gaoptout?hl=de\" target=\"_blank\" rel=\"noopener noreferrer\">https:\/\/tools.google.com\/dlpage\/gaoptout?hl=de<\/a>.<\/p>\n<\/div>\n<div class=\"panel-widget-style\">\n<h4>Newsletterdaten<\/h4>\n<p>Wenn Sie den auf der Webseite angebotenen Newsletter beziehen m\u00f6chten, ben\u00f6tigen wir von Ihnen eine E-Mail-Adresse sowie Informationen, welche uns die \u00dcberpr\u00fcfung gestatten, dass Sie der Inhaber der angegebenen E-Mail-Adresse sind und mit dem Empfang des Newsletters einverstanden sind. Weitere Daten werden nicht erhoben. Diese Daten verwenden wir ausschlie\u00dflich f\u00fcr den Versand der angeforderten Informationen und geben sie nicht an Dritte weiter.<\/p>\n<p>Die erteilte Einwilligung zur Speicherung der Daten, der E-Mail-Adresse sowie deren Nutzung zum Versand des Newsletters k\u00f6nnen Sie jederzeit widerrufen , etwa \u00fcber den \u201eAustragen\u201c-Link im Newsletter.<\/p>\n<\/div>\n<div class=\"panel-widget-style\">\n<h4>Kontaktformular<\/h4>\n<p>Wenn Sie uns per Kontaktformular Anfragen zukommen lassen, werden Ihre Angaben aus dem Anfrageformular inklusive der von Ihnen dort angegebenen Kontaktdaten zwecks Bearbeitung der Anfrage und f\u00fcr den Fall von Anschlussfragen bei uns gespeichert. Diese Daten geben wir nicht ohne Ihre Einwilligung weiter.<\/p>\n<\/div>\n<div class=\"panel-widget-style\">\n<h4 id=\"e-mail\">E-Mail<\/h4>\n<p>Der Inhalt von E-Mails der GI Geolabs GmbH ist ausschlie\u00dflich f\u00fcr den bezeichneten Adressaten bestimmt. Sollten Sie nicht der richtige Adressat oder dessen Vertreter sein, benachrichtigen Sie bitte den Absender und l\u00f6schen die E-Mail. Jede Form der unbefugten Ver\u00f6ffentlichung, Vervielf\u00e4ltigung oder Weitergabe des Inhaltes der E-Mail (inkl. eventueller Anh\u00e4nge) ist verboten. Wir weisen darauf hin, dass E-Mails bzw. deren Anh\u00e4nge trotz entsprechender Vorsorgema\u00dfnahmen Viren oder fehlerhafte Informationen enthalten k\u00f6nnen.<\/p>\n<h4 id=\"e-mail\">Ihre Rechte als Nutzer: Auskunft, L\u00f6schung, Sperrung<\/h4>\n<p>Sie haben jederzeit das Recht auf unentgeltliche Auskunft \u00fcber Ihre gespeicherten personenbezogenen Daten, deren Herkunft und Empf\u00e4nger und den Zweck der Datenverarbeitung sowie ein Recht auf Berichtigung, Sperrung oder L\u00f6schung dieser Daten, soweit deren Speicherung unzul\u00e4ssig oder nicht mehr erforderlich ist. Falls Sie Fragen hierzu haben, wenden Sie sich bitte an\u00a0<a href=\"mailto:datenschutz@gi-geolabs.de\">datenschutz@gi-geolabs.de<\/a>\u00a0Als externe Datenschutzbeauftragte der GI Geolabs GmbH fungiert Johannes Endres, Althammer &amp; Kill GmbH &amp; Co. KG.<\/p>\n<h3>Beschwerderecht<\/h3>\n<p>Es besteht ein Beschwerderecht bei der zust\u00e4ndigen Aufsichtsbeh\u00f6rde:<br \/>\n<a href=\"https:\/\/www.bfdi.bund.de\/DE\/Infothek\/Anschriften_Links\/anschriften_links-node.html\" target=\"_blank\" rel=\"noopener\">https:\/\/www.bfdi.bund.de\/DE\/Infothek\/Anschriften_Links\/anschriften_links-node.html<\/a><\/p>\n<\/div>\n","protected":false},"excerpt":{"rendered":"<p>Datenschutzerkl\u00e4rung Die Betreiber dieser Seite nehmen den Schutz Ihrer pers\u00f6nlichen Daten sehr ernst. Wir behandeln Ihre personenbezogenen Daten vertraulich und entsprechend der gesetzlichen Datenschutzvorschriften sowie dieser Datenschutzerkl\u00e4rung. Die Nutzung unserer Webseite ist in der Regel ohne Angabe personenbezogener Daten m\u00f6glich. Soweit auf unseren Seiten personenbezogene Daten (beispielsweise Name, Anschrift oder E-Mail-Adressen) erhoben werden, erfolgt dies, [&hellip;]<\/p>\n","protected":false},"author":2,"featured_media":0,"parent":0,"menu_order":0,"comment_status":"closed","ping_status":"closed","template":"","meta":[],"acf":[],"yoast_head":"<!-- This site is optimized with the Yoast SEO plugin v19.14 - https:\/\/yoast.com\/wordpress\/plugins\/seo\/ -->\n<title>Data Privacy Statement | GISconnector<\/title>\n<meta name=\"robots\" content=\"index, follow, max-snippet:-1, max-image-preview:large, max-video-preview:-1\" \/>\n<link rel=\"canonical\" href=\"https:\/\/gisconnector.de\/en\/data-privacy-statement\/\" \/>\n<meta property=\"og:locale\" content=\"en_US\" \/>\n<meta property=\"og:type\" content=\"article\" \/>\n<meta property=\"og:title\" content=\"Data Privacy Statement | GISconnector\" \/>\n<meta property=\"og:description\" content=\"Datenschutzerkl\u00e4rung Die Betreiber dieser Seite nehmen den Schutz Ihrer pers\u00f6nlichen Daten sehr ernst. Wir behandeln Ihre personenbezogenen Daten vertraulich und entsprechend der gesetzlichen Datenschutzvorschriften sowie dieser Datenschutzerkl\u00e4rung. Die Nutzung unserer Webseite ist in der Regel ohne Angabe personenbezogener Daten m\u00f6glich. Soweit auf unseren Seiten personenbezogene Daten (beispielsweise Name, Anschrift oder E-Mail-Adressen) erhoben werden, erfolgt dies, [&hellip;]\" \/>\n<meta property=\"og:url\" content=\"https:\/\/gisconnector.de\/en\/data-privacy-statement\/\" \/>\n<meta property=\"og:site_name\" content=\"GISconnector\" \/>\n<meta property=\"article:modified_time\" content=\"2020-12-08T11:00:04+00:00\" \/>\n<meta name=\"twitter:label1\" content=\"Est. reading time\" \/>\n\t<meta name=\"twitter:data1\" content=\"4 minutes\" \/>\n<script type=\"application\/ld+json\" class=\"yoast-schema-graph\">{\"@context\":\"https:\/\/schema.org\",\"@graph\":[{\"@type\":\"WebPage\",\"@id\":\"https:\/\/gisconnector.de\/en\/data-privacy-statement\/\",\"url\":\"https:\/\/gisconnector.de\/en\/data-privacy-statement\/\",\"name\":\"Data Privacy Statement | GISconnector\",\"isPartOf\":{\"@id\":\"https:\/\/gisconnector.de\/#website\"},\"datePublished\":\"2017-02-06T13:09:03+00:00\",\"dateModified\":\"2020-12-08T11:00:04+00:00\",\"breadcrumb\":{\"@id\":\"https:\/\/gisconnector.de\/en\/data-privacy-statement\/#breadcrumb\"},\"inLanguage\":\"en-US\",\"potentialAction\":[{\"@type\":\"ReadAction\",\"target\":[\"https:\/\/gisconnector.de\/en\/data-privacy-statement\/\"]}]},{\"@type\":\"BreadcrumbList\",\"@id\":\"https:\/\/gisconnector.de\/en\/data-privacy-statement\/#breadcrumb\",\"itemListElement\":[{\"@type\":\"ListItem\",\"position\":1,\"name\":\"Home\",\"item\":\"https:\/\/gisconnector.de\/en\/\"},{\"@type\":\"ListItem\",\"position\":2,\"name\":\"Data Privacy Statement\"}]},{\"@type\":\"WebSite\",\"@id\":\"https:\/\/gisconnector.de\/#website\",\"url\":\"https:\/\/gisconnector.de\/\",\"name\":\"GISconnector\",\"description\":\"Eine weitere WordPress-Seite\",\"potentialAction\":[{\"@type\":\"SearchAction\",\"target\":{\"@type\":\"EntryPoint\",\"urlTemplate\":\"https:\/\/gisconnector.de\/?s={search_term_string}\"},\"query-input\":\"required name=search_term_string\"}],\"inLanguage\":\"en-US\"}]}<\/script>\n<!-- \/ Yoast SEO plugin. -->","yoast_head_json":{"title":"Data Privacy Statement | GISconnector","robots":{"index":"index","follow":"follow","max-snippet":"max-snippet:-1","max-image-preview":"max-image-preview:large","max-video-preview":"max-video-preview:-1"},"canonical":"https:\/\/gisconnector.de\/en\/data-privacy-statement\/","og_locale":"en_US","og_type":"article","og_title":"Data Privacy Statement | GISconnector","og_description":"Datenschutzerkl\u00e4rung Die Betreiber dieser Seite nehmen den Schutz Ihrer pers\u00f6nlichen Daten sehr ernst. Wir behandeln Ihre personenbezogenen Daten vertraulich und entsprechend der gesetzlichen Datenschutzvorschriften sowie dieser Datenschutzerkl\u00e4rung. Die Nutzung unserer Webseite ist in der Regel ohne Angabe personenbezogener Daten m\u00f6glich. Soweit auf unseren Seiten personenbezogene Daten (beispielsweise Name, Anschrift oder E-Mail-Adressen) erhoben werden, erfolgt dies, [&hellip;]","og_url":"https:\/\/gisconnector.de\/en\/data-privacy-statement\/","og_site_name":"GISconnector","article_modified_time":"2020-12-08T11:00:04+00:00","twitter_misc":{"Est. reading time":"4 minutes"},"schema":{"@context":"https:\/\/schema.org","@graph":[{"@type":"WebPage","@id":"https:\/\/gisconnector.de\/en\/data-privacy-statement\/","url":"https:\/\/gisconnector.de\/en\/data-privacy-statement\/","name":"Data Privacy Statement | GISconnector","isPartOf":{"@id":"https:\/\/gisconnector.de\/#website"},"datePublished":"2017-02-06T13:09:03+00:00","dateModified":"2020-12-08T11:00:04+00:00","breadcrumb":{"@id":"https:\/\/gisconnector.de\/en\/data-privacy-statement\/#breadcrumb"},"inLanguage":"en-US","potentialAction":[{"@type":"ReadAction","target":["https:\/\/gisconnector.de\/en\/data-privacy-statement\/"]}]},{"@type":"BreadcrumbList","@id":"https:\/\/gisconnector.de\/en\/data-privacy-statement\/#breadcrumb","itemListElement":[{"@type":"ListItem","position":1,"name":"Home","item":"https:\/\/gisconnector.de\/en\/"},{"@type":"ListItem","position":2,"name":"Data Privacy Statement"}]},{"@type":"WebSite","@id":"https:\/\/gisconnector.de\/#website","url":"https:\/\/gisconnector.de\/","name":"GISconnector","description":"Eine weitere WordPress-Seite","potentialAction":[{"@type":"SearchAction","target":{"@type":"EntryPoint","urlTemplate":"https:\/\/gisconnector.de\/?s={search_term_string}"},"query-input":"required name=search_term_string"}],"inLanguage":"en-US"}]}},"_links":{"self":[{"href":"https:\/\/gisconnector.de\/en\/wp-json\/wp\/v2\/pages\/1993"}],"collection":[{"href":"https:\/\/gisconnector.de\/en\/wp-json\/wp\/v2\/pages"}],"about":[{"href":"https:\/\/gisconnector.de\/en\/wp-json\/wp\/v2\/types\/page"}],"author":[{"embeddable":true,"href":"https:\/\/gisconnector.de\/en\/wp-json\/wp\/v2\/users\/2"}],"replies":[{"embeddable":true,"href":"https:\/\/gisconnector.de\/en\/wp-json\/wp\/v2\/comments?post=1993"}],"version-history":[{"count":5,"href":"https:\/\/gisconnector.de\/en\/wp-json\/wp\/v2\/pages\/1993\/revisions"}],"predecessor-version":[{"id":2572,"href":"https:\/\/gisconnector.de\/en\/wp-json\/wp\/v2\/pages\/1993\/revisions\/2572"}],"wp:attachment":[{"href":"https:\/\/gisconnector.de\/en\/wp-json\/wp\/v2\/media?parent=1993"}],"curies":[{"name":"wp","href":"https:\/\/api.w.org\/{rel}","templated":true}]}}